{"id":1549,"date":"2016-02-23T11:09:24","date_gmt":"2016-02-23T10:09:24","guid":{"rendered":"https:\/\/sangiorgio-hotel.it\/attivita\/"},"modified":"2021-05-25T12:44:59","modified_gmt":"2021-05-25T10:44:59","slug":"aktivitaeten","status":"publish","type":"page","link":"https:\/\/sangiorgio-hotel.it\/de\/aktivitaeten\/","title":{"rendered":"Aktivit\u00e4ten"},"content":{"rendered":"<p><section id=\"bt_section69f71604243b6\"  class=\"boldSection topSpaced bottomSemiSpaced gutter inherit\" ><div class=\"port\"><div class=\"boldCell\"><div class=\"boldCellInner\"><div class=\"boldRow \" ><div class=\"boldRowInner\"><div class=\"rowItem col-md-8 col-ms-12 btTextLeft btMiddleVertical\"  data-width=\"8\"><div class=\"rowItemContent\" ><div class=\"rowItemContentInner\"><header class=\"header btClear extralarge btDash bottomDash  btHeadlineDefaultColor btBottomDashAccentColor\" ><div class=\"dash\"><h1><span class=\"headline\">Aktivit\u00e4ten in Lignano<\/span><\/h1><\/div><div class=\"btSubTitle\">In Lignano Sabbiadoro gibt es im Urlaub immer etwas zu tun und zu sehen. Lassen Sie sich vom Strand aus weichem, goldenem Sand verzaubern und entscheiden Sie, ob Sie den ganzen Tag in der Sonne faulenzen oder sowohl im Sand als auch im Meer Sport treiben m\u00f6chten.<br \/><br>Oder entdecken Sie die Parks, Radwege, Veranstaltungen und die sch\u00f6nsten Ecken unseres Badeortes.<br \/><br><\/div><\/header><\/div><\/div><\/div><div class=\"rowItem col-md-4 col-ms-12 btTextLeft btMiddleVertical\"  data-width=\"4\"><div class=\"rowItemContent\" ><div class=\"rowItemContentInner\"><\/div><\/div><\/div><\/div><\/div><\/div><\/div><\/div><\/section><section id=\"bt_section69f716042464f\"  class=\"boldSection bottomSpaced gutter inherit\" ><div class=\"port\"><div class=\"boldCell\"><div class=\"boldCellInner\"><div class=\"boldRow \" ><div class=\"boldRowInner\"><div class=\"rowItem col-md-6 col-sm-12 btTextRight btTopVertical btNoPadding\"  data-width=\"6\"><div class=\"rowItemContent\" ><div class=\"rowItemContentInner\"><div class=\"bpgPhoto \" ><div class = \"btImage\"><img src=\"https:\/\/sangiorgio-hotel.it\/wp-content\/uploads\/2021\/05\/fenicotteri-parco-zoo-lignano.jpg\" alt=\"Fenicotteri al Parco Zoo di Lignano Riviera\" ><\/div><\/div><\/div><\/div><\/div><div class=\"rowItem col-md-6 col-sm-12 btTextLeft btTextIndent btMiddleVertical\" style=\"background-color: rgba(230, 230, 230, 1);\" data-width=\"6\"><div class=\"rowItemContent\" ><div class=\"rowItemContentInner\"><div class=\"btClear btSeparator bottomSemiSpaced noBorder\" ><hr><\/div><header class=\"header btClear large btDash topDash  btHeadlineDefaultColor btBottomDashDefaultColor\" ><div class=\"dash\"><h2><span class=\"headline\">Parco Zoo Punta Verde<\/span><\/h2><\/div><\/header><div class=\"btClear btSeparator bottomSmallSpaced noBorder\" ><hr><\/div><div class=\"btText\" ><\/p>\n<p>Der Tiergarten &#8222;Parco Zoo Punta Verde&#8220; liegt in Lignano Riviera an einer Biegung des Flusses Tagliamento. Er ist die Heimat von mehr als 1000 Tieren von \u00fcber 150 verschiedenen Arten aus der ganzen Welt.<\/p>\n<p>\n<\/div><div class=\"btClear btSeparator bottomSmallSpaced noBorder\" ><hr><\/div><\/div><\/div><\/div><\/div><\/div><div class=\"boldRow \" ><div class=\"boldRowInner\"><div class=\"rowItem col-md-6 col-sm-12 btTextLeft btTextIndent btMiddleVertical\" style=\"background-color: rgba(230, 230, 230, 1);\" data-width=\"6\"><div class=\"rowItemContent\" ><div class=\"rowItemContentInner\"><div class=\"btClear btSeparator bottomSemiSpaced noBorder\" ><hr><\/div><header class=\"header btClear large btDash topDash  btHeadlineDefaultColor btBottomDashDefaultColor\" ><div class=\"dash\"><h2><span class=\"headline\">Der Strand von Lignano<\/span><\/h2><\/div><\/header><div class=\"btClear btSeparator bottomSmallSpaced noBorder\" ><hr><\/div><div class=\"btText\" ><\/p>\n<p>Ein paar Schritte vom Hotel San Giorgio entfernt befindet sich unser wundersch\u00f6ner Strand aus weichem und goldenem Sand. Hier k\u00f6nnen Sie sich entspannen, Spa\u00df haben und Sport treiben.<\/p>\n<p>\n<\/div><div class=\"btClear btSeparator bottomSemiSpaced noBorder\" ><hr><\/div><\/div><\/div><\/div><div class=\"rowItem col-md-6 col-sm-12 btTextLeft inherit btNoPadding\"  data-width=\"6\"><div class=\"rowItemContent\" ><div class=\"rowItemContentInner\"><div class=\"bpgPhoto \" ><div class = \"btImage\"><img src=\"https:\/\/sangiorgio-hotel.it\/wp-content\/uploads\/2021\/05\/secchiello-paletta-spiaggia-lignano.jpg\" alt=\"Paletta e secchiello in spiaggia\" ><\/div><\/div><\/div><\/div><\/div><\/div><\/div><div class=\"boldRow \" ><div class=\"boldRowInner\"><div class=\"rowItem col-md-6 col-sm-12 btTextRight inherit btNoPadding\"  data-width=\"6\"><div class=\"rowItemContent\" ><div class=\"rowItemContentInner\"><div class=\"bpgPhoto \" ><div class = \"btImage\"><img src=\"https:\/\/sangiorgio-hotel.it\/wp-content\/uploads\/2021\/05\/scivolo-acquasplash-lignano.jpeg\" alt=\"Parco giochi acquatico a Lignano\" ><\/div><\/div><\/div><\/div><\/div><div class=\"rowItem col-md-6 col-sm-12 btTextLeft btTextIndent btMiddleVertical\" style=\"background-color: rgba(230, 230, 230, 1);\" data-width=\"6\"><div class=\"rowItemContent\" ><div class=\"rowItemContentInner\"><div class=\"btClear btSeparator bottomSemiSpaced noBorder\" ><hr><\/div><header class=\"header btClear large btDash topDash  btHeadlineDefaultColor btBottomDashDefaultColor\" ><div class=\"dash\"><h2><span class=\"headline\">Aquasplash<\/span><\/h2><\/div><\/header><div class=\"btClear btSeparator bottomSmallSpaced noBorder\" ><hr><\/div><div class=\"btText\" ><\/p>\n<p>Nicht weit von unserem Hotel entfernt befindet sich Aquasplash, der Wasserpark von Lignano. Zwischen Rutschen, Schwimmb\u00e4dern mit Spielen f\u00fcr kleine Kinder, Wellenbecken und Gr\u00fcnfl\u00e4chen, in denen Sie sich sonnen k\u00f6nnen, ist Spa\u00df garantiert!<\/p>\n<p>\n<\/div><div class=\"btClear btSeparator bottomSemiSpaced noBorder\" ><hr><\/div><\/div><\/div><\/div><\/div><\/div><div class=\"boldRow \" ><div class=\"boldRowInner\"><div class=\"rowItem col-md-6 col-sm-12 btTextLeft btTextIndent btMiddleVertical\" style=\"background-color: rgba(230, 230, 230, 1);\" data-width=\"6\"><div class=\"rowItemContent\" ><div class=\"rowItemContentInner\"><div class=\"btClear btSeparator bottomSemiSpaced noBorder\" ><hr><\/div><header class=\"header btClear large btDash topDash  btHeadlineDefaultColor btBottomDashDefaultColor\" ><div class=\"dash\"><h2><span class=\"headline\">Shopping in Pineta<\/span><\/h2><\/div><\/header><div class=\"btClear btSeparator bottomSmallSpaced noBorder\" ><hr><\/div><div class=\"btText\" ><\/p>\n<p>Das Zentrum von Lignano Pineta bietet zahlreiche Gesch\u00e4ften, die bis sp\u00e4t abends ge\u00f6ffnet sind. W\u00e4hrend Sie spazieren gehen, k\u00f6nnen Sie einkaufen gehen, ein Eis essen, in einem der vielen Restaurants und Pizzerias zu Abend essen und sich einige Shows auf den Pl\u00e4tzen ansehen.<\/p>\n<p>\n<\/div><div class=\"btClear btSeparator bottomSemiSpaced noBorder\" ><hr><\/div><\/div><\/div><\/div><div class=\"rowItem col-md-6 col-sm-12 btTextLeft inherit btNoPadding\"  data-width=\"6\"><div class=\"rowItemContent\" ><div class=\"rowItemContentInner\"><div class=\"bpgPhoto \" ><div class = \"btImage\"><img src=\"https:\/\/sangiorgio-hotel.it\/wp-content\/uploads\/2021\/05\/shopping.jpg\" alt=\"Shopping in centro a Lignano Pineta\" ><\/div><\/div><\/div><\/div><\/div><\/div><\/div><div class=\"boldRow \" ><div class=\"boldRowInner\"><div class=\"rowItem col-md-6 col-sm-12 btTextLeft inherit btNoPadding\"  data-width=\"6\"><div class=\"rowItemContent\" ><div class=\"rowItemContentInner\"><div class=\"bpgPhoto \" ><div class = \"btImage\"><img src=\"https:\/\/sangiorgio-hotel.it\/wp-content\/uploads\/2021\/05\/bambini-gonfiabile.jpeg\" alt=\"Giochi gonfiabili a Lignano Pineta vicino alla spiaggia\" ><\/div><\/div><\/div><\/div><\/div><div class=\"rowItem col-md-6 col-sm-12 btTextLeft btTextIndent btMiddleVertical\" style=\"background-color: rgba(230, 230, 230, 1);\" data-width=\"6\"><div class=\"rowItemContent\" ><div class=\"rowItemContentInner\"><div class=\"btClear btSeparator bottomSemiSpaced noBorder\" ><hr><\/div><header class=\"header btClear large btDash topDash  btHeadlineDefaultColor btBottomDashDefaultColor\" ><div class=\"dash\"><h2><span class=\"headline\">I Gommosi<\/span><\/h2><\/div><\/header><div class=\"btClear btSeparator bottomSmallSpaced noBorder\" ><hr><\/div><div class=\"btText\" ><\/p>\n<p>In Lignano Pineta im &#8222;Parco del Mare&#8220; befindet sich den Spielplatz I Gommosi.<br \/>\nDer Park ist nur f\u00fcr Kinder von 1 bis 12 Jahren und gibt es nur aufblasbare Spiele. Der Zugang ist nur f\u00fcr Kinder gestattet, w\u00e4hrend der Eltern auf einer Parkbank entspannen, einen Drink trinken und die Kinder beobachten k\u00f6nnen.<\/p>\n<p>\n<\/div><div class=\"btClear btSeparator bottomSemiSpaced noBorder\" ><hr><\/div><\/div><\/div><\/div><\/div><\/div><div class=\"boldRow \" ><div class=\"boldRowInner\"><div class=\"rowItem col-md-6 col-sm-12 btTextLeft btTextIndent btMiddleVertical\" style=\"background-color: rgba(230, 230, 230, 1);\" data-width=\"6\"><div class=\"rowItemContent\" ><div class=\"rowItemContentInner\"><div class=\"btClear btSeparator bottomSemiSpaced noBorder\" ><hr><\/div><header class=\"header btClear large btDash topDash  btHeadlineDefaultColor btBottomDashDefaultColor\" ><div class=\"dash\"><h2><span class=\"headline\">Mit dem Fahrrad<\/span><\/h2><\/div><\/header><div class=\"btClear btSeparator bottomSmallSpaced noBorder\" ><hr><\/div><div class=\"btText\" ><\/p>\n<p>Lignano Sabbiadoro bietet ein gutes Netz von Radwegen, um sich in der Stadt zu bewegen und bestimmte Orte zu entdecken.<br \/>\nMieten Sie ein Fahrrad und entdecken Sie unsere Stadt: Sie werden begeistert sein von dem Panorama, das die lange Lagune bietet, oder w\u00e4hrend Sie den jahrhundertealten Kiefernwald des Bella Italia EFA Village durchqueren.<br \/>\nVergessen Sie nicht Lignano Riviera, eine echte ruhige Oase im Gr\u00fcn, die sich entlang des letzten Abschnitts des Tagliamento bis zur M\u00fcndung erstreckt.<\/p>\n<p>\n<\/div><div class=\"btClear btSeparator bottomSemiSpaced noBorder\" ><hr><\/div><\/div><\/div><\/div><div class=\"rowItem col-md-6 col-sm-12 btTextLeft inherit btNoPadding\"  data-width=\"6\"><div class=\"rowItemContent\" ><div class=\"rowItemContentInner\"><div class=\"bpgPhoto \" ><div class = \"btImage\"><img src=\"https:\/\/sangiorgio-hotel.it\/wp-content\/uploads\/2021\/05\/persona-in-bicicletta.jpg\" alt=\"In bicicletta nel verde a Lignano\" ><\/div><\/div><\/div><\/div><\/div><\/div><\/div><div class=\"boldRow \" ><div class=\"boldRowInner\"><div class=\"rowItem col-md-6 col-sm-12 btTextLeft inherit btNoPadding\"  data-width=\"6\"><div class=\"rowItemContent\" ><div class=\"rowItemContentInner\"><div class=\"bpgPhoto \" ><div class = \"btImage\"><img src=\"https:\/\/sangiorgio-hotel.it\/wp-content\/uploads\/2021\/05\/parco-hemingway-lignano.jpg\" alt=\"Il Parco Hemingway a Lignano Pineta vicino all&#039;hotel San Giorgio\" ><\/div><\/div><\/div><\/div><\/div><div class=\"rowItem col-md-6 col-sm-12 btTextLeft btTextIndent btMiddleVertical\" style=\"background-color: rgba(230, 230, 230, 1);\" data-width=\"6\"><div class=\"rowItemContent\" ><div class=\"rowItemContentInner\"><div class=\"btClear btSeparator bottomSemiSpaced noBorder\" ><hr><\/div><header class=\"header btClear large btDash topDash  btHeadlineDefaultColor btBottomDashDefaultColor\" ><div class=\"dash\"><h2><span class=\"headline\">Hemingway Park<\/span><\/h2><\/div><\/header><div class=\"btClear btSeparator bottomSmallSpaced noBorder\" ><hr><\/div><div class=\"btText\" ><\/p>\n<p>In der N\u00e4he des Hotels San Giorgio liegt den Hemingway Park.<br \/>\nDer Park ist nach Ernest Hemingway benannt, der einige Zeit in Lignano blieb und ihn &#8222;das Florida Italiens&#8220; nannte. Hier k\u00f6nnen Sie auf den gr\u00fcnen Wiesen im Schatten der Kiefern ein Picknick machen und die Kinder k\u00f6nnen in den verschiedenen Spielpl\u00e4tzen mit Rutschen, Schaukeln und vielem mehr spielen.<br \/>\nSie k\u00f6nnen auch Sport treiben: der Hemingway Park hat einen wundersch\u00f6nen Gymnastikpfad und ist perfekt zum Joggen.<br \/>\nVerpassen Sie nicht die Theaterauff\u00fchrungen der Kinder in der Arena im Zentrum des Parks!<\/p>\n<p>\n<\/div><div class=\"btClear btSeparator bottomSemiSpaced noBorder\" ><hr><\/div><\/div><\/div><\/div><\/div><\/div><div class=\"boldRow \" ><div class=\"boldRowInner\"><div class=\"rowItem col-md-6 col-sm-12 btTextLeft btTextIndent btMiddleVertical\" style=\"background-color: rgba(230, 230, 230, 1);\" data-width=\"6\"><div class=\"rowItemContent\" ><div class=\"rowItemContentInner\"><div class=\"btClear btSeparator bottomSemiSpaced noBorder\" ><hr><\/div><header class=\"header btClear large btDash topDash  btHeadlineDefaultColor btBottomDashDefaultColor\" ><div class=\"dash\"><h2><span class=\"headline\">Wochenmarkt<\/span><\/h2><\/div><\/header><div class=\"btClear btSeparator bottomSmallSpaced noBorder\" ><hr><\/div><div class=\"btText\" ><\/p>\n<p>In der N\u00e4he des Teghil Stadions und Aquasplash befindet sich den Wochenmarkt.<br \/>\nSt\u00e4nde mit Obst und Gem\u00fcse, Kleidung, Kosmetika und vielen anderen Produkten f\u00e4rben die Zone vom ersten Licht der Morgend\u00e4mmerung bis 12.30 Uhr. Wenn Sie eine Pause brauchen, gibt es auch Erfrischungspunkte mit Tischen, St\u00fchlen und Sonnenschirmen, an denen Sie ein Getr\u00e4nk, ein Eis oder ein Sandwich genie\u00dfen k\u00f6nnen.<\/p>\n<p>\n<\/div><div class=\"btClear btSeparator bottomSemiSpaced noBorder\" ><hr><\/div><\/div><\/div><\/div><div class=\"rowItem col-md-6 col-sm-12 btTextLeft inherit btNoPadding\"  data-width=\"6\"><div class=\"rowItemContent\" ><div class=\"rowItemContentInner\"><div class=\"bpgPhoto \" ><div class = \"btImage\"><img src=\"https:\/\/sangiorgio-hotel.it\/wp-content\/uploads\/2021\/05\/mercato-lignano.jpg\" alt=\"Mercato settimanale a Lignano Pineta\" ><\/div><\/div><\/div><\/div><\/div><\/div><\/div><div class=\"boldRow \" ><div class=\"boldRowInner\"><div class=\"rowItem col-md-6 col-sm-12 btTextLeft inherit btNoPadding\"  data-width=\"6\"><div class=\"rowItemContent\" ><div class=\"rowItemContentInner\"><div class=\"bpgPhoto \" ><div class = \"btImage\"><img src=\"https:\/\/sangiorgio-hotel.it\/wp-content\/uploads\/2021\/05\/minigolf-lignano.jpeg\" alt=\"Minigolf a Lignano\" ><\/div><\/div><\/div><\/div><\/div><div class=\"rowItem col-md-6 col-sm-12 btTextLeft btTextIndent btMiddleVertical\" style=\"background-color: rgba(230, 230, 230, 1);\" data-width=\"6\"><div class=\"rowItemContent\" ><div class=\"rowItemContentInner\"><div class=\"btClear btSeparator bottomSemiSpaced noBorder\" ><hr><\/div><header class=\"header btClear large btDash topDash  btHeadlineDefaultColor btBottomDashDefaultColor\" ><div class=\"dash\"><h2><span class=\"headline\">Minigolf<\/span><\/h2><\/div><\/header><div class=\"btClear btSeparator bottomSmallSpaced noBorder\" ><hr><\/div><div class=\"btText\" ><\/p>\n<p>Was gibt es Sch\u00f6neres als ein Minigolfspiel, um Spa\u00df mit Freunden oder der Familie zu haben?<br \/>\nWenn der Tag nicht ideal ist, um an den Strand zu gehen, ist Minigolf eine gro\u00dfartige Alternative. Dar\u00fcber hinaus bieten diese Einrichtungen eine Bar und einen Ruhebereich, in dem Sie sich erholen k\u00f6nnen!<\/p>\n<p>\n<\/div><div class=\"btClear btSeparator bottomSemiSpaced noBorder\" ><hr><\/div><\/div><\/div><\/div><\/div><\/div><\/div><\/div><\/div><\/section><\/p>\n","protected":false},"excerpt":{"rendered":"","protected":false},"author":2,"featured_media":0,"parent":0,"menu_order":0,"comment_status":"closed","ping_status":"closed","template":"","meta":[],"yoast_head":"<!-- This site is optimized with the Yoast SEO plugin v20.8 - https:\/\/yoast.com\/wordpress\/plugins\/seo\/ -->\n<title>Aktivit\u00e4ten, Parks und Freizeit in Lignano - Hotel San Giorgio 3 Sterne<\/title>\n<meta name=\"description\" content=\"Im Urlaub in Lignano kann man viele Aktivit\u00e4ten machen: Sport treiben, Parks besuchen, mit dem Rad fahren. Fragen Sie unsere Mitarbeiter.\" \/>\n<meta name=\"robots\" content=\"index, follow, max-snippet:-1, max-image-preview:large, max-video-preview:-1\" \/>\n<link rel=\"canonical\" href=\"https:\/\/sangiorgio-hotel.it\/de\/aktivitaeten\/\" \/>\n<meta property=\"og:locale\" content=\"de_DE\" \/>\n<meta property=\"og:type\" content=\"article\" \/>\n<meta property=\"og:title\" content=\"Aktivit\u00e4ten, Parks und Freizeit in Lignano - Hotel San Giorgio 3 Sterne\" \/>\n<meta property=\"og:description\" content=\"Im Urlaub in Lignano kann man viele Aktivit\u00e4ten machen: Sport treiben, Parks besuchen, mit dem Rad fahren. Fragen Sie unsere Mitarbeiter.\" \/>\n<meta property=\"og:url\" content=\"https:\/\/sangiorgio-hotel.it\/de\/aktivitaeten\/\" \/>\n<meta property=\"og:site_name\" content=\"Hotel San Giorgio\" \/>\n<meta property=\"article:modified_time\" content=\"2021-05-25T10:44:59+00:00\" \/>\n<meta name=\"twitter:card\" content=\"summary_large_image\" \/>\n<meta name=\"twitter:label1\" content=\"Gesch\u00e4tzte Lesezeit\" \/>\n\t<meta name=\"twitter:data1\" content=\"12\u00a0Minuten\" \/>\n<script type=\"application\/ld+json\" class=\"yoast-schema-graph\">{\"@context\":\"https:\/\/schema.org\",\"@graph\":[{\"@type\":\"WebPage\",\"@id\":\"https:\/\/sangiorgio-hotel.it\/de\/aktivitaeten\/\",\"url\":\"https:\/\/sangiorgio-hotel.it\/de\/aktivitaeten\/\",\"name\":\"Aktivit\u00e4ten, Parks und Freizeit in Lignano - Hotel San Giorgio 3 Sterne\",\"isPartOf\":{\"@id\":\"https:\/\/sangiorgio-hotel.it\/#website\"},\"datePublished\":\"2016-02-23T10:09:24+00:00\",\"dateModified\":\"2021-05-25T10:44:59+00:00\",\"description\":\"Im Urlaub in Lignano kann man viele Aktivit\u00e4ten machen: Sport treiben, Parks besuchen, mit dem Rad fahren. Fragen Sie unsere Mitarbeiter.\",\"breadcrumb\":{\"@id\":\"https:\/\/sangiorgio-hotel.it\/de\/aktivitaeten\/#breadcrumb\"},\"inLanguage\":\"de\",\"potentialAction\":[{\"@type\":\"ReadAction\",\"target\":[\"https:\/\/sangiorgio-hotel.it\/de\/aktivitaeten\/\"]}]},{\"@type\":\"BreadcrumbList\",\"@id\":\"https:\/\/sangiorgio-hotel.it\/de\/aktivitaeten\/#breadcrumb\",\"itemListElement\":[{\"@type\":\"ListItem\",\"position\":1,\"name\":\"Home\",\"item\":\"https:\/\/sangiorgio-hotel.it\/de\/\"},{\"@type\":\"ListItem\",\"position\":2,\"name\":\"Aktivit\u00e4ten\"}]},{\"@type\":\"WebSite\",\"@id\":\"https:\/\/sangiorgio-hotel.it\/#website\",\"url\":\"https:\/\/sangiorgio-hotel.it\/\",\"name\":\"Hotel San Giorgio\",\"description\":\"Hotel 3 stelle a Lignano Pineta\",\"publisher\":{\"@id\":\"https:\/\/sangiorgio-hotel.it\/#organization\"},\"potentialAction\":[{\"@type\":\"SearchAction\",\"target\":{\"@type\":\"EntryPoint\",\"urlTemplate\":\"https:\/\/sangiorgio-hotel.it\/?s={search_term_string}\"},\"query-input\":\"required name=search_term_string\"}],\"inLanguage\":\"de\"},{\"@type\":\"Organization\",\"@id\":\"https:\/\/sangiorgio-hotel.it\/#organization\",\"name\":\"Hotel San Giorgio\",\"url\":\"https:\/\/sangiorgio-hotel.it\/\",\"logo\":{\"@type\":\"ImageObject\",\"inLanguage\":\"de\",\"@id\":\"https:\/\/sangiorgio-hotel.it\/#\/schema\/logo\/image\/\",\"url\":\"https:\/\/sangiorgio-hotel.it\/wp-content\/uploads\/2021\/05\/san-giorgio-marrone.png\",\"contentUrl\":\"https:\/\/sangiorgio-hotel.it\/wp-content\/uploads\/2021\/05\/san-giorgio-marrone.png\",\"width\":281,\"height\":60,\"caption\":\"Hotel San Giorgio\"},\"image\":{\"@id\":\"https:\/\/sangiorgio-hotel.it\/#\/schema\/logo\/image\/\"}}]}<\/script>\n<!-- \/ Yoast SEO plugin. -->","yoast_head_json":{"title":"Aktivit\u00e4ten, Parks und Freizeit in Lignano - Hotel San Giorgio 3 Sterne","description":"Im Urlaub in Lignano kann man viele Aktivit\u00e4ten machen: Sport treiben, Parks besuchen, mit dem Rad fahren. Fragen Sie unsere Mitarbeiter.","robots":{"index":"index","follow":"follow","max-snippet":"max-snippet:-1","max-image-preview":"max-image-preview:large","max-video-preview":"max-video-preview:-1"},"canonical":"https:\/\/sangiorgio-hotel.it\/de\/aktivitaeten\/","og_locale":"de_DE","og_type":"article","og_title":"Aktivit\u00e4ten, Parks und Freizeit in Lignano - Hotel San Giorgio 3 Sterne","og_description":"Im Urlaub in Lignano kann man viele Aktivit\u00e4ten machen: Sport treiben, Parks besuchen, mit dem Rad fahren. Fragen Sie unsere Mitarbeiter.","og_url":"https:\/\/sangiorgio-hotel.it\/de\/aktivitaeten\/","og_site_name":"Hotel San Giorgio","article_modified_time":"2021-05-25T10:44:59+00:00","twitter_card":"summary_large_image","twitter_misc":{"Gesch\u00e4tzte Lesezeit":"12\u00a0Minuten"},"schema":{"@context":"https:\/\/schema.org","@graph":[{"@type":"WebPage","@id":"https:\/\/sangiorgio-hotel.it\/de\/aktivitaeten\/","url":"https:\/\/sangiorgio-hotel.it\/de\/aktivitaeten\/","name":"Aktivit\u00e4ten, Parks und Freizeit in Lignano - Hotel San Giorgio 3 Sterne","isPartOf":{"@id":"https:\/\/sangiorgio-hotel.it\/#website"},"datePublished":"2016-02-23T10:09:24+00:00","dateModified":"2021-05-25T10:44:59+00:00","description":"Im Urlaub in Lignano kann man viele Aktivit\u00e4ten machen: Sport treiben, Parks besuchen, mit dem Rad fahren. Fragen Sie unsere Mitarbeiter.","breadcrumb":{"@id":"https:\/\/sangiorgio-hotel.it\/de\/aktivitaeten\/#breadcrumb"},"inLanguage":"de","potentialAction":[{"@type":"ReadAction","target":["https:\/\/sangiorgio-hotel.it\/de\/aktivitaeten\/"]}]},{"@type":"BreadcrumbList","@id":"https:\/\/sangiorgio-hotel.it\/de\/aktivitaeten\/#breadcrumb","itemListElement":[{"@type":"ListItem","position":1,"name":"Home","item":"https:\/\/sangiorgio-hotel.it\/de\/"},{"@type":"ListItem","position":2,"name":"Aktivit\u00e4ten"}]},{"@type":"WebSite","@id":"https:\/\/sangiorgio-hotel.it\/#website","url":"https:\/\/sangiorgio-hotel.it\/","name":"Hotel San Giorgio","description":"Hotel 3 stelle a Lignano Pineta","publisher":{"@id":"https:\/\/sangiorgio-hotel.it\/#organization"},"potentialAction":[{"@type":"SearchAction","target":{"@type":"EntryPoint","urlTemplate":"https:\/\/sangiorgio-hotel.it\/?s={search_term_string}"},"query-input":"required name=search_term_string"}],"inLanguage":"de"},{"@type":"Organization","@id":"https:\/\/sangiorgio-hotel.it\/#organization","name":"Hotel San Giorgio","url":"https:\/\/sangiorgio-hotel.it\/","logo":{"@type":"ImageObject","inLanguage":"de","@id":"https:\/\/sangiorgio-hotel.it\/#\/schema\/logo\/image\/","url":"https:\/\/sangiorgio-hotel.it\/wp-content\/uploads\/2021\/05\/san-giorgio-marrone.png","contentUrl":"https:\/\/sangiorgio-hotel.it\/wp-content\/uploads\/2021\/05\/san-giorgio-marrone.png","width":281,"height":60,"caption":"Hotel San Giorgio"},"image":{"@id":"https:\/\/sangiorgio-hotel.it\/#\/schema\/logo\/image\/"}}]}},"_links":{"self":[{"href":"https:\/\/sangiorgio-hotel.it\/de\/wp-json\/wp\/v2\/pages\/1549"}],"collection":[{"href":"https:\/\/sangiorgio-hotel.it\/de\/wp-json\/wp\/v2\/pages"}],"about":[{"href":"https:\/\/sangiorgio-hotel.it\/de\/wp-json\/wp\/v2\/types\/page"}],"author":[{"embeddable":true,"href":"https:\/\/sangiorgio-hotel.it\/de\/wp-json\/wp\/v2\/users\/2"}],"replies":[{"embeddable":true,"href":"https:\/\/sangiorgio-hotel.it\/de\/wp-json\/wp\/v2\/comments?post=1549"}],"version-history":[{"count":0,"href":"https:\/\/sangiorgio-hotel.it\/de\/wp-json\/wp\/v2\/pages\/1549\/revisions"}],"wp:attachment":[{"href":"https:\/\/sangiorgio-hotel.it\/de\/wp-json\/wp\/v2\/media?parent=1549"}],"curies":[{"name":"wp","href":"https:\/\/api.w.org\/{rel}","templated":true}]}}