{"id":1554,"date":"2016-02-23T11:08:47","date_gmt":"2016-02-23T10:08:47","guid":{"rendered":"https:\/\/sangiorgio-hotel.it\/camere\/"},"modified":"2021-06-01T12:19:49","modified_gmt":"2021-06-01T10:19:49","slug":"zimmer","status":"publish","type":"page","link":"https:\/\/sangiorgio-hotel.it\/de\/zimmer\/","title":{"rendered":"Zimmer"},"content":{"rendered":"<p><section id=\"bt_section69f55a04f0432\"  class=\"boldSection topSpaced bottomSemiSpaced gutter inherit\" ><div class=\"port\"><div class=\"boldCell\"><div class=\"boldCellInner\"><div class=\"boldRow \" ><div class=\"boldRowInner\"><div class=\"rowItem col-md-8 col-ms-12 btTextLeft btMiddleVertical\"  data-width=\"8\"><div class=\"rowItemContent\" ><div class=\"rowItemContentInner\"><header class=\"header btClear extralarge btDash bottomDash  btHeadlineDefaultColor btBottomDashAccentColor\" ><div class=\"dash\"><h1><span class=\"headline\">Unsere <i class=\"animate\">Zimmer<\/i><\/span><\/h1><\/div><div class=\"btSubTitle\">Die Zimmer des Hotels San Giorgio sind komplett renoviert und verf\u00fcgen \u00fcber Terrasse, Badezimmer mit Duschkabine und Haartrockner, Klimaanlage, Heizung, Minibar, Sat-TV und Telefon.<br \/><br>Wir bieten auch 3 Dachzimmer.<\/p><br><p>Zus\u00e4tzlich gibt es f\u00fcr jedes Zimmer einen reservierten Strandplatz mit Sonnenschirm und 2 Sonnenliegen (gegen Geb\u00fchr).<br \/><br><\/div><\/header><div class=\"btClear btSeparator bottomSemiSpaced noBorder\" ><hr><\/div><\/div><\/div><\/div><div class=\"rowItem col-md-4 col-ms-12 btTextLeft btMiddleVertical\"  data-width=\"4\"><div class=\"rowItemContent\" ><div class=\"rowItemContentInner\"><\/div><\/div><\/div><\/div><\/div><\/div><\/div><\/div><\/section><section id=\"bt_section69f55a04f0740\"  class=\"boldSection btDarkSkin gutter inherit\" style=\"background-color:rgb(88,69,40);\"><div class=\"port\"><div class=\"boldCell\"><div class=\"boldCellInner\"><div class=\"boldRow \" ><div class=\"boldRowInner\"><div class=\"rowItem col-md-12 col-ms-12  btTextLeft inherit\"  data-width=\"12\"><div class=\"rowItemContent\" ><div class=\"rowItemContentInner\"><div class=\"btClear btSeparator bottomSmallSpaced noBorder\" ><hr><\/div><div class=\"btText\" >    <style>\n    .wpcf7-date:before {\n        content: \"\";\n    }\n    <\/style>\n    <form method=\"GET\" target=\"_blank\" action=\"https:\/\/booking.mercuriosistemi.com\/hotel\/1071\/de\/search\" class=\"wpcf7-form init\" aria-label=\"Contact form\" novalidate=\"novalidate\" data-status=\"init\">\n        <div class=\"boldRow btBookingRow\" style=\"z-index: 10\">\n            <div class=\"rowItem col-xs-12 col-sm-6 col-lg-2\">\n                <p><span class=\"wpcf7-form-control-wrap\" data-name=\"ArrivalDate\"><input class=\"wpcf7-form-control wpcf7-date wpcf7-validates-as-required wpcf7-validates-as-date\" id=\"bookingArrivalDate\" min=\"2026-05-02\" max=\"2027-05-02\" aria-required=\"true\" aria-invalid=\"false\" placeholder=\"Check In\" value=\"\" type=\"date\" name=\"arrivo\" \/><\/span><\/p>\n            <\/div>\n            <div class=\"btClear btSeparator topSmallSpaced noBorder visible-xs visible-ms\"><hr \/><\/div>\n            <div class=\"rowItem col-xs-12 col-sm-6 col-lg-2\">\n                <p><span class=\"wpcf7-form-control-wrap\" data-name=\"DepartureDate\"><input class=\"wpcf7-form-control wpcf7-date wpcf7-validates-as-required wpcf7-validates-as-date\" id=\"bookingDepartureDate\" min=\"2026-05-03\" max=\"2027-05-02\" aria-required=\"true\" aria-invalid=\"false\" placeholder=\"Check Out\" value=\"\" type=\"date\" name=\"partenza\" \/><\/span><\/p>\n            <\/div>\n            <div class=\"btClear btSeparator topSmallSpaced noBorder visible-xs visible-ms visible-sm visible-md\"><hr \/><\/div>\n            <div class=\"rowItem col-xs-12 col-sm-6 col-lg-2\">\n                <p><span class=\"wpcf7-form-control-wrap Trattamento\"><select name=\"trattamento\" class=\"wpcf7-form-control wpcf7-select\" aria-invalid=\"false\" required>\n                        <option value=\"BB\">Verpflegung<\/option>\n                        <option value=\"NT\">Nur \u00dcbernachtung<\/option>\n                        <option value=\"BB\">Zimmer mit Fr\u00fchst\u00fcck<\/option>\n                    <\/select><\/span><\/p>\n            <\/div>\n            <div class=\"btClear btSeparator topSmallSpaced noBorder visible-xs visible-ms visible-sm visible-md\"><hr \/><\/div>\n            <div class=\"rowItem col-xs-12 col-sm-6 col-lg-2\">\n                <p><span class=\"wpcf7-form-control-wrap Adults\"><select name=\"camere[0][adulti]\" class=\"wpcf7-form-control wpcf7-select wpcf7-validates-as-required\" required=\"required\" aria-required=\"true\" aria-invalid=\"false\" required>\n                        <option value=\"1\">Erwachsene<\/option>\n                        <option value=\"1\">1<\/option>\n                        <option value=\"2\">2<\/option>\n                        <option value=\"3\">3<\/option>\n                        <option value=\"4\">4<\/option>\n                        <option value=\"5\">5<\/option>\n                    <\/select><\/span><\/p>\n            <\/div>\n            <div class=\"btClear btSeparator topSmallSpaced noBorder visible-xs visible-ms visible-sm visible-md\"><hr><\/div>\n            <div class=\"rowItem col-xs-12 col-sm-6 col-lg-2\">\n                <p><span class=\"wpcf7-form-control-wrap Children\"><select name=\"camere[0][numeroRidotti]\" class=\"wpcf7-form-control wpcf7-select\" aria-invalid=\"false\" required=\"required\">\n                        <option value=\"0\">Kinder<\/option>\n                        <option value=\"0\">0<\/option>\n                        <option value=\"1\">1<\/option>\n                        <option value=\"2\">2<\/option>\n                        <option value=\"3\">3<\/option>\n                    <\/select><\/span><\/p>\n            <\/div>\n            <div class=\"btClear btSeparator topSmallSpaced noBorder visible-xs visible-ms\"><hr><\/div>\n            <div class=\"rowItem col-xs-12 col-sm-6 col-lg-2\">\n                <input type=\"submit\" value=\"BOOK NOW\" class=\"wpcf7-form-control wpcf7-submit\" \/>\n            <\/div>\n        <\/div>\n    <\/form>\n    <\/div><div class=\"btClear btSeparator bottomSmallSpaced noBorder\" ><hr><\/div><\/div><\/div><\/div><\/div><\/div><\/div><\/div><\/div><\/section><section id=\"bt_section69f55a04f0c8f\"  class=\"boldSection topSpaced bottomSemiSpaced gutter inherit\" ><div class=\"port\"><div class=\"boldCell\"><div class=\"boldCellInner\"><div class=\"boldRow \" ><div class=\"boldRowInner\"><div class=\"rowItem col-md-4 col-ms-12 btTextLeft\"  data-width=\"4\"><div class=\"rowItemContent\" ><div class=\"rowItemContentInner\"><div class=\"bpgPhoto  btHasComplexContent\" > \r\n\t\t\t\t\t<a href=\"https:\/\/sangiorgio-hotel.it\/de\/zimmer\/doppelzimmer\/\" target=\"_self\"><\/a>\r\n\t\t\t\t\t<div class=\"boldPhotoBox\"><div class=\"bpbItem\"><div class = \"btImage\"><img src=\"https:\/\/sangiorgio-hotel.it\/wp-content\/uploads\/2021\/05\/camera-mansarda.jpg\" alt=\"Camera con letto matrimoniale a Lignano all&#039;hotel San Giorgio\" ><\/div><\/div><\/div>\r\n\t\t\t\t\t<div class=\"captionPane btDarkSkin\">\r\n\t\t\t\t\t\t<div class=\"captionTable\">\r\n\t\t\t\t\t\t\t<div class=\"captionCell\">\r\n\t\t\t\t\t\t\t\t<div class=\"captionTxt\"><header class=\"header btClear small btDash topDash  btHeadlineDefaultColor btBottomDashDefaultColor\" ><div class=\"dash\"><div class=\"btSuperTitle\"><span>Dienstleistungen<\/span><\/div><\/div><\/header><div class=\"btClear btSeparator topExtraSmallSpaced bottomExtraSmallSpaced border\" ><hr><\/div><div class=\"btIconImageRow\" ><span class=\"btIco btIcoDefaultType btIcoMediumSize btIcoDefaultColor\"><span  data-ico-ha=\"&#xf101;\" class=\"btIcoHolder\"><\/span><\/span><span class=\"btIco btIcoDefaultType btIcoMediumSize btIcoDefaultColor\"><span  data-ico-fa=\"&#xf26c;\" class=\"btIcoHolder\"><\/span><\/span><span class=\"btIco btIcoDefaultType btIcoMediumSize btIcoDefaultColor\"><span  data-ico-ha=\"&#xf14e;\" class=\"btIcoHolder\"><\/span><\/span><\/div><\/div>\r\n\t\t\t\t\t\t\t<\/div>\r\n\t\t\t\t\t\t<\/div>\r\n\t\t\t\t\t<\/div><\/div><div class=\"btClear btSeparator topSmallSpaced noBorder\" ><hr><\/div><header class=\"header btClear medium btDash topDash  btHeadlineDefaultColor btBottomDashDefaultColor\" ><div class=\"dash\"><h3><span class=\"headline\">Doppelzimmer<\/span><\/h3><\/div><div class=\"btSubTitle\">Doppelzimmer mit Terrasse und Klimaanlage.<br \/><br>Sie verf\u00fcgen \u00fcber Sat-TV, Minibar und Badezimmer mit Duschkabine.<\/div><\/header><div class=\"btClear btSeparator topSmallSpaced noBorder\" ><hr><\/div><div class=\"boldRow \" ><div class=\"boldRowInner\"><div class=\"rowItem rowInnerItem col-ms-12  btTextCenter btMiddleVertical\"  ><div class=\"rowItemContent\"><div class=\"rowItemContentInner\"><a href=\"\/de\/zimmer\/doppelzimmer\/\" class=\"btBtn btBtn btnFilledStyle btnAccentColor btnSmall btnFullWidth btnRightPosition btnNoIcon\" ><span class=\"btnInnerText\">MEHR<\/span><\/a><div class=\"btClear btSeparator topExtraSmallSpaced noBorder\" ><hr><\/div><\/div><\/div><\/div><\/div><\/div><div class=\"btClear btSeparator topSpaced noBorder\" ><hr><\/div><\/div><\/div><\/div><div class=\"rowItem col-md-4 col-ms-12 btTextLeft\"  data-width=\"4\"><div class=\"rowItemContent\" ><div class=\"rowItemContentInner\"><div class=\"bpgPhoto  btHasComplexContent\" > \r\n\t\t\t\t\t<a href=\"https:\/\/sangiorgio-hotel.it\/de\/zimmer\/dreibettzimmer\/\" target=\"_self\"><\/a>\r\n\t\t\t\t\t<div class=\"boldPhotoBox\"><div class=\"bpbItem\"><div class = \"btImage\"><img src=\"https:\/\/sangiorgio-hotel.it\/wp-content\/uploads\/2021\/05\/camera-doppia-con-terrazzo.jpeg\" alt=\"Hotel a Lignano Pineta con camera con terrazzo\" ><\/div><\/div><\/div>\r\n\t\t\t\t\t<div class=\"captionPane btDarkSkin\">\r\n\t\t\t\t\t\t<div class=\"captionTable\">\r\n\t\t\t\t\t\t\t<div class=\"captionCell\">\r\n\t\t\t\t\t\t\t\t<div class=\"captionTxt\"><header class=\"header btClear small btDash topDash  btHeadlineDefaultColor btBottomDashDefaultColor\" ><div class=\"dash\"><div class=\"btSuperTitle\"><span>Dienstleistungen<\/span><\/div><\/div><\/header><div class=\"btClear btSeparator topExtraSmallSpaced bottomExtraSmallSpaced border\" ><hr><\/div><div class=\"btIconImageRow\" ><span class=\"btIco btIcoDefaultType btIcoMediumSize btIcoDefaultColor\"><span  data-ico-ha=\"&#xf101;\" class=\"btIcoHolder\"><\/span><\/span><span class=\"btIco btIcoDefaultType btIcoMediumSize btIcoDefaultColor\"><span  data-ico-fa=\"&#xf26c;\" class=\"btIcoHolder\"><\/span><\/span><span class=\"btIco btIcoDefaultType btIcoMediumSize btIcoDefaultColor\"><span  data-ico-ha=\"&#xf14e;\" class=\"btIcoHolder\"><\/span><\/span><\/div><\/div>\r\n\t\t\t\t\t\t\t<\/div>\r\n\t\t\t\t\t\t<\/div>\r\n\t\t\t\t\t<\/div><\/div><div class=\"btClear btSeparator topSmallSpaced noBorder\" ><hr><\/div><header class=\"header btClear medium btDash topDash  btHeadlineDefaultColor btBottomDashDefaultColor\" ><div class=\"dash\"><h3><span class=\"headline\">Dreibettzimmer<\/span><\/h3><\/div><div class=\"btSubTitle\">Dreibettzimmer mit Terrasse und Klimaanlage.<br \/><br>Sie verf\u00fcgen \u00fcber Sat-TV, Minibar und Badezimmer mit Duschkabine.<\/div><\/header><div class=\"btClear btSeparator topSmallSpaced noBorder\" ><hr><\/div><div class=\"boldRow \" ><div class=\"boldRowInner\"><div class=\"rowItem rowInnerItem col-ms-12  btTextCenter btMiddleVertical\"  ><div class=\"rowItemContent\"><div class=\"rowItemContentInner\"><a href=\"\/de\/zimmer\/dreibettzimmer\/\" class=\"btBtn btBtn btnFilledStyle btnAccentColor btnSmall btnFullWidth btnRightPosition btnNoIcon\" ><span class=\"btnInnerText\">MEHR<\/span><\/a><div class=\"btClear btSeparator topExtraSmallSpaced noBorder\" ><hr><\/div><\/div><\/div><\/div><\/div><\/div><div class=\"btClear btSeparator topSpaced noBorder\" ><hr><\/div><\/div><\/div><\/div><div class=\"rowItem col-md-4 col-ms-12 btTextLeft\"  data-width=\"4\"><div class=\"rowItemContent\" ><div class=\"rowItemContentInner\"><div class=\"bpgPhoto  btHasComplexContent\" > \r\n\t\t\t\t\t<a href=\"https:\/\/sangiorgio-hotel.it\/de\/zimmer\/vierbettzimmer\/\" target=\"_self\"><\/a>\r\n\t\t\t\t\t<div class=\"boldPhotoBox\"><div class=\"bpbItem\"><div class = \"btImage\"><img src=\"https:\/\/sangiorgio-hotel.it\/wp-content\/uploads\/2021\/05\/camera-secondo-piano1.jpg\" alt=\"Camera con letti blu al San Giorgio hotel a Lignano\" ><\/div><\/div><\/div>\r\n\t\t\t\t\t<div class=\"captionPane btDarkSkin\">\r\n\t\t\t\t\t\t<div class=\"captionTable\">\r\n\t\t\t\t\t\t\t<div class=\"captionCell\">\r\n\t\t\t\t\t\t\t\t<div class=\"captionTxt\"><header class=\"header btClear small btDash topDash  btHeadlineDefaultColor btBottomDashDefaultColor\" ><div class=\"dash\"><div class=\"btSuperTitle\"><span>Dienstleistungen<\/span><\/div><\/div><\/header><div class=\"btClear btSeparator topExtraSmallSpaced bottomExtraSmallSpaced border\" ><hr><\/div><div class=\"btIconImageRow\" ><span class=\"btIco btIcoDefaultType btIcoMediumSize btIcoDefaultColor\"><span  data-ico-ha=\"&#xf101;\" class=\"btIcoHolder\"><\/span><\/span><span class=\"btIco btIcoDefaultType btIcoMediumSize btIcoDefaultColor\"><span  data-ico-fa=\"&#xf26c;\" class=\"btIcoHolder\"><\/span><\/span><span class=\"btIco btIcoDefaultType btIcoMediumSize btIcoDefaultColor\"><span  data-ico-ha=\"&#xf14e;\" class=\"btIcoHolder\"><\/span><\/span><\/div><\/div>\r\n\t\t\t\t\t\t\t<\/div>\r\n\t\t\t\t\t\t<\/div>\r\n\t\t\t\t\t<\/div><\/div><div class=\"btClear btSeparator topSmallSpaced noBorder\" ><hr><\/div><header class=\"header btClear medium btDash topDash  btHeadlineDefaultColor btBottomDashDefaultColor\" ><div class=\"dash\"><h3><span class=\"headline\">Vierbettzimmer<\/span><\/h3><\/div><div class=\"btSubTitle\">Vierbettzimmer mit Terrasse und Klimaanlage.<br \/><br>Sie verf\u00fcgen \u00fcber Sat-TV, Minibar und Badezimmer mit Duschkabine.<\/div><\/header><div class=\"btClear btSeparator topSmallSpaced noBorder\" ><hr><\/div><div class=\"boldRow \" ><div class=\"boldRowInner\"><div class=\"rowItem rowInnerItem col-ms-12  btTextCenter btMiddleVertical\"  ><div class=\"rowItemContent\"><div class=\"rowItemContentInner\"><a href=\"\/de\/zimmer\/vierbettzimmer\/\" class=\"btBtn btBtn btnFilledStyle btnAccentColor btnSmall btnFullWidth btnRightPosition btnNoIcon\" ><span class=\"btnInnerText\">MEHR<\/span><\/a><div class=\"btClear btSeparator topExtraSmallSpaced noBorder\" ><hr><\/div><\/div><\/div><\/div><\/div><\/div><div class=\"btClear btSeparator topSpaced noBorder\" ><hr><\/div><\/div><\/div><\/div><\/div><\/div><\/div><\/div><\/div><\/section><\/p>\n","protected":false},"excerpt":{"rendered":"","protected":false},"author":2,"featured_media":0,"parent":0,"menu_order":0,"comment_status":"closed","ping_status":"closed","template":"","meta":[],"yoast_head":"<!-- This site is optimized with the Yoast SEO plugin v20.8 - https:\/\/yoast.com\/wordpress\/plugins\/seo\/ -->\n<title>Zimmer mit Balkon im Hotel in Lignano - Hotel San Giorgio<\/title>\n<meta name=\"description\" content=\"Unser Hotel in Lignano bietet Doppel-, Dreibett- und Vierbettzimmer, die ideale f\u00fcr die Familien sind. Alle mit Terrasse.\" \/>\n<meta name=\"robots\" content=\"index, follow, max-snippet:-1, max-image-preview:large, max-video-preview:-1\" \/>\n<link rel=\"canonical\" href=\"https:\/\/sangiorgio-hotel.it\/de\/zimmer\/\" \/>\n<meta property=\"og:locale\" content=\"de_DE\" \/>\n<meta property=\"og:type\" content=\"article\" \/>\n<meta property=\"og:title\" content=\"Zimmer mit Balkon im Hotel in Lignano - Hotel San Giorgio\" \/>\n<meta property=\"og:description\" content=\"Unser Hotel in Lignano bietet Doppel-, Dreibett- und Vierbettzimmer, die ideale f\u00fcr die Familien sind. Alle mit Terrasse.\" \/>\n<meta property=\"og:url\" content=\"https:\/\/sangiorgio-hotel.it\/de\/zimmer\/\" \/>\n<meta property=\"og:site_name\" content=\"Hotel San Giorgio\" \/>\n<meta property=\"article:modified_time\" content=\"2021-06-01T10:19:49+00:00\" \/>\n<meta name=\"twitter:card\" content=\"summary_large_image\" \/>\n<meta name=\"twitter:label1\" content=\"Gesch\u00e4tzte Lesezeit\" \/>\n\t<meta name=\"twitter:data1\" content=\"7\u00a0Minuten\" \/>\n<script type=\"application\/ld+json\" class=\"yoast-schema-graph\">{\"@context\":\"https:\/\/schema.org\",\"@graph\":[{\"@type\":\"WebPage\",\"@id\":\"https:\/\/sangiorgio-hotel.it\/de\/zimmer\/\",\"url\":\"https:\/\/sangiorgio-hotel.it\/de\/zimmer\/\",\"name\":\"Zimmer mit Balkon im Hotel in Lignano - Hotel San Giorgio\",\"isPartOf\":{\"@id\":\"https:\/\/sangiorgio-hotel.it\/#website\"},\"datePublished\":\"2016-02-23T10:08:47+00:00\",\"dateModified\":\"2021-06-01T10:19:49+00:00\",\"description\":\"Unser Hotel in Lignano bietet Doppel-, Dreibett- und Vierbettzimmer, die ideale f\u00fcr die Familien sind. Alle mit Terrasse.\",\"breadcrumb\":{\"@id\":\"https:\/\/sangiorgio-hotel.it\/de\/zimmer\/#breadcrumb\"},\"inLanguage\":\"de\",\"potentialAction\":[{\"@type\":\"ReadAction\",\"target\":[\"https:\/\/sangiorgio-hotel.it\/de\/zimmer\/\"]}]},{\"@type\":\"BreadcrumbList\",\"@id\":\"https:\/\/sangiorgio-hotel.it\/de\/zimmer\/#breadcrumb\",\"itemListElement\":[{\"@type\":\"ListItem\",\"position\":1,\"name\":\"Home\",\"item\":\"https:\/\/sangiorgio-hotel.it\/de\/\"},{\"@type\":\"ListItem\",\"position\":2,\"name\":\"Zimmer\"}]},{\"@type\":\"WebSite\",\"@id\":\"https:\/\/sangiorgio-hotel.it\/#website\",\"url\":\"https:\/\/sangiorgio-hotel.it\/\",\"name\":\"Hotel San Giorgio\",\"description\":\"Hotel 3 stelle a Lignano Pineta\",\"publisher\":{\"@id\":\"https:\/\/sangiorgio-hotel.it\/#organization\"},\"potentialAction\":[{\"@type\":\"SearchAction\",\"target\":{\"@type\":\"EntryPoint\",\"urlTemplate\":\"https:\/\/sangiorgio-hotel.it\/?s={search_term_string}\"},\"query-input\":\"required name=search_term_string\"}],\"inLanguage\":\"de\"},{\"@type\":\"Organization\",\"@id\":\"https:\/\/sangiorgio-hotel.it\/#organization\",\"name\":\"Hotel San Giorgio\",\"url\":\"https:\/\/sangiorgio-hotel.it\/\",\"logo\":{\"@type\":\"ImageObject\",\"inLanguage\":\"de\",\"@id\":\"https:\/\/sangiorgio-hotel.it\/#\/schema\/logo\/image\/\",\"url\":\"https:\/\/sangiorgio-hotel.it\/wp-content\/uploads\/2021\/05\/san-giorgio-marrone.png\",\"contentUrl\":\"https:\/\/sangiorgio-hotel.it\/wp-content\/uploads\/2021\/05\/san-giorgio-marrone.png\",\"width\":281,\"height\":60,\"caption\":\"Hotel San Giorgio\"},\"image\":{\"@id\":\"https:\/\/sangiorgio-hotel.it\/#\/schema\/logo\/image\/\"}}]}<\/script>\n<!-- \/ Yoast SEO plugin. -->","yoast_head_json":{"title":"Zimmer mit Balkon im Hotel in Lignano - Hotel San Giorgio","description":"Unser Hotel in Lignano bietet Doppel-, Dreibett- und Vierbettzimmer, die ideale f\u00fcr die Familien sind. Alle mit Terrasse.","robots":{"index":"index","follow":"follow","max-snippet":"max-snippet:-1","max-image-preview":"max-image-preview:large","max-video-preview":"max-video-preview:-1"},"canonical":"https:\/\/sangiorgio-hotel.it\/de\/zimmer\/","og_locale":"de_DE","og_type":"article","og_title":"Zimmer mit Balkon im Hotel in Lignano - Hotel San Giorgio","og_description":"Unser Hotel in Lignano bietet Doppel-, Dreibett- und Vierbettzimmer, die ideale f\u00fcr die Familien sind. Alle mit Terrasse.","og_url":"https:\/\/sangiorgio-hotel.it\/de\/zimmer\/","og_site_name":"Hotel San Giorgio","article_modified_time":"2021-06-01T10:19:49+00:00","twitter_card":"summary_large_image","twitter_misc":{"Gesch\u00e4tzte Lesezeit":"7\u00a0Minuten"},"schema":{"@context":"https:\/\/schema.org","@graph":[{"@type":"WebPage","@id":"https:\/\/sangiorgio-hotel.it\/de\/zimmer\/","url":"https:\/\/sangiorgio-hotel.it\/de\/zimmer\/","name":"Zimmer mit Balkon im Hotel in Lignano - Hotel San Giorgio","isPartOf":{"@id":"https:\/\/sangiorgio-hotel.it\/#website"},"datePublished":"2016-02-23T10:08:47+00:00","dateModified":"2021-06-01T10:19:49+00:00","description":"Unser Hotel in Lignano bietet Doppel-, Dreibett- und Vierbettzimmer, die ideale f\u00fcr die Familien sind. Alle mit Terrasse.","breadcrumb":{"@id":"https:\/\/sangiorgio-hotel.it\/de\/zimmer\/#breadcrumb"},"inLanguage":"de","potentialAction":[{"@type":"ReadAction","target":["https:\/\/sangiorgio-hotel.it\/de\/zimmer\/"]}]},{"@type":"BreadcrumbList","@id":"https:\/\/sangiorgio-hotel.it\/de\/zimmer\/#breadcrumb","itemListElement":[{"@type":"ListItem","position":1,"name":"Home","item":"https:\/\/sangiorgio-hotel.it\/de\/"},{"@type":"ListItem","position":2,"name":"Zimmer"}]},{"@type":"WebSite","@id":"https:\/\/sangiorgio-hotel.it\/#website","url":"https:\/\/sangiorgio-hotel.it\/","name":"Hotel San Giorgio","description":"Hotel 3 stelle a Lignano Pineta","publisher":{"@id":"https:\/\/sangiorgio-hotel.it\/#organization"},"potentialAction":[{"@type":"SearchAction","target":{"@type":"EntryPoint","urlTemplate":"https:\/\/sangiorgio-hotel.it\/?s={search_term_string}"},"query-input":"required name=search_term_string"}],"inLanguage":"de"},{"@type":"Organization","@id":"https:\/\/sangiorgio-hotel.it\/#organization","name":"Hotel San Giorgio","url":"https:\/\/sangiorgio-hotel.it\/","logo":{"@type":"ImageObject","inLanguage":"de","@id":"https:\/\/sangiorgio-hotel.it\/#\/schema\/logo\/image\/","url":"https:\/\/sangiorgio-hotel.it\/wp-content\/uploads\/2021\/05\/san-giorgio-marrone.png","contentUrl":"https:\/\/sangiorgio-hotel.it\/wp-content\/uploads\/2021\/05\/san-giorgio-marrone.png","width":281,"height":60,"caption":"Hotel San Giorgio"},"image":{"@id":"https:\/\/sangiorgio-hotel.it\/#\/schema\/logo\/image\/"}}]}},"_links":{"self":[{"href":"https:\/\/sangiorgio-hotel.it\/de\/wp-json\/wp\/v2\/pages\/1554"}],"collection":[{"href":"https:\/\/sangiorgio-hotel.it\/de\/wp-json\/wp\/v2\/pages"}],"about":[{"href":"https:\/\/sangiorgio-hotel.it\/de\/wp-json\/wp\/v2\/types\/page"}],"author":[{"embeddable":true,"href":"https:\/\/sangiorgio-hotel.it\/de\/wp-json\/wp\/v2\/users\/2"}],"replies":[{"embeddable":true,"href":"https:\/\/sangiorgio-hotel.it\/de\/wp-json\/wp\/v2\/comments?post=1554"}],"version-history":[{"count":0,"href":"https:\/\/sangiorgio-hotel.it\/de\/wp-json\/wp\/v2\/pages\/1554\/revisions"}],"wp:attachment":[{"href":"https:\/\/sangiorgio-hotel.it\/de\/wp-json\/wp\/v2\/media?parent=1554"}],"curies":[{"name":"wp","href":"https:\/\/api.w.org\/{rel}","templated":true}]}}