{"id":1580,"date":"2016-02-23T11:09:57","date_gmt":"2016-02-23T10:09:57","guid":{"rendered":"https:\/\/sangiorgio-hotel.it\/contatti\/"},"modified":"2021-05-25T12:57:37","modified_gmt":"2021-05-25T10:57:37","slug":"kontakte","status":"publish","type":"page","link":"https:\/\/sangiorgio-hotel.it\/de\/kontakte\/","title":{"rendered":"Kontakte"},"content":{"rendered":"<p><section id=\"bt_section69f5689d34a55\"  class=\"boldSection btDivider topSpaced bottomSemiSpaced gutter inherit\" ><div class=\"port\"><div class=\"boldCell\"><div class=\"boldCellInner\"><div class=\"boldRow \" ><div class=\"boldRowInner\"><div class=\"rowItem col-md-8 col-ms-12 btTextLeft btMiddleVertical\"  data-width=\"8\"><div class=\"rowItemContent\" ><div class=\"rowItemContentInner\"><header class=\"header btClear extralarge btDash bottomDash  btHeadlineDefaultColor btBottomDashAccentColor\" ><div class=\"dash\"><h1><span class=\"headline\">Kontaktieren Sie uns!<\/span><\/h1><\/div><div class=\"btSubTitle\">F\u00fcr Informationen und Buchungen k\u00f6nnen Sie das Hotel San Giorgio telefonisch, per E-Mail oder durch Ausf\u00fcllen des unten stehenden Formulars kontaktieren.<br \/><br>Unsere Mitarbeiter antworten Ihnen gerne.<br \/><br><\/div><\/header><\/div><\/div><\/div><div class=\"rowItem col-md-4 col-ms-12 btTextLeft btMiddleVertical\"  data-width=\"4\"><div class=\"rowItemContent\" ><div class=\"rowItemContentInner\"><\/div><\/div><\/div><\/div><\/div><\/div><\/div><\/div><\/section><section id=\"bt_section69f5689d34cc1\"  class=\"boldSection btDivider topSpaced bottomSpaced gutter inherit\" ><div class=\"port\"><div class=\"boldCell\"><div class=\"boldCellInner\"><div class=\"boldRow \" ><div class=\"boldRowInner\"><div class=\"rowItem col-md-4 col-ms-12 btTextLeft btTextIndent btMiddleVertical btDoublePadding\"  data-width=\"4\"><div class=\"rowItemContent\" background-color: rgba(229, 229, 229, 1); ><div class=\"rowItemContentInner\"><div class=\"btClear btSeparator bottomSmallSpaced noBorder\" ><hr><\/div><header class=\"header btClear medium btDash topDash  btHeadlineAccentColor btBottomDashAccentColor\" ><div class=\"dash\"><h3><span class=\"headline\">Hotel San Giorgio<\/span><\/h3><\/div><div class=\"btSubTitle\">Unser 3-Sterne-Hotel befindet sich in Lignano Pineta, in der N\u00e4he des Strandes und des Zentrums.<br \/><br>Mit einem kurzen Spaziergang erreichen Sie das Meer und viele Sehensw\u00fcrdigkeiten im Badeort.<br \/><br><\/div><\/header><div class=\"btClear btSeparator bottomSmallSpaced noBorder\" ><hr><\/div><\/div><\/div><\/div><div class=\"rowItem col-md-8 col-ms-12 btTextLeft inherit btDoublePadding\"  data-width=\"8\"><div class=\"rowItemContent\" background-color: rgba(241, 241, 241, 1); ><div class=\"rowItemContentInner\"><div class=\"btClear btSeparator bottomSemiSpaced noBorder\" ><hr><\/div><div class=\"btText\" >\n<div class=\"wpcf7 no-js\" id=\"wpcf7-f1546-o1\" lang=\"en-US\" dir=\"ltr\">\n<div class=\"screen-reader-response\"><p role=\"status\" aria-live=\"polite\" aria-atomic=\"true\"><\/p> <ul><\/ul><\/div>\n<form action=\"\/de\/wp-json\/wp\/v2\/pages\/1580#wpcf7-f1546-o1\" method=\"post\" class=\"wpcf7-form init\" aria-label=\"Contact form\" novalidate=\"novalidate\" data-status=\"init\">\n<div style=\"display: none;\">\n<input type=\"hidden\" name=\"_wpcf7\" value=\"1546\" \/>\n<input type=\"hidden\" name=\"_wpcf7_version\" value=\"5.7.7\" \/>\n<input type=\"hidden\" name=\"_wpcf7_locale\" value=\"en_US\" \/>\n<input type=\"hidden\" name=\"_wpcf7_unit_tag\" value=\"wpcf7-f1546-o1\" \/>\n<input type=\"hidden\" name=\"_wpcf7_container_post\" value=\"0\" \/>\n<input type=\"hidden\" name=\"_wpcf7_posted_data_hash\" value=\"\" \/>\n<input type=\"hidden\" name=\"_wpcf7_recaptcha_response\" value=\"\" \/>\n<\/div>\n<p>Name *\n<\/p>\n<p><span class=\"wpcf7-form-control-wrap\" data-name=\"your-name\"><input size=\"40\" class=\"wpcf7-form-control wpcf7-text wpcf7-validates-as-required\" aria-required=\"true\" aria-invalid=\"false\" value=\"\" type=\"text\" name=\"your-name\" \/><\/span>\n<\/p>\n<p>E-Mail *\n<\/p>\n<p><span class=\"wpcf7-form-control-wrap\" data-name=\"your-email\"><input size=\"40\" class=\"wpcf7-form-control wpcf7-text wpcf7-email wpcf7-validates-as-required wpcf7-validates-as-email\" aria-required=\"true\" aria-invalid=\"false\" value=\"\" type=\"email\" name=\"your-email\" \/><\/span>\n<\/p>\n<p>Telefon\n<\/p>\n<p><span class=\"wpcf7-form-control-wrap\" data-name=\"your-phone\"><input size=\"40\" class=\"wpcf7-form-control wpcf7-text\" aria-invalid=\"false\" value=\"\" type=\"text\" name=\"your-phone\" \/><\/span>\n<\/p>\n<p>Nachricht *\n<\/p>\n<p><span class=\"wpcf7-form-control-wrap\" data-name=\"your-message\"><textarea cols=\"40\" rows=\"10\" class=\"wpcf7-form-control wpcf7-textarea wpcf7-validates-as-required\" aria-required=\"true\" aria-invalid=\"false\" name=\"your-message\"><\/textarea><\/span>\n<\/p>\n<p><label class=\"his_place checkbox\"><span class=\"wpcf7-form-control-wrap\" data-name=\"privacy\"><span class=\"wpcf7-form-control wpcf7-acceptance\"><span class=\"wpcf7-list-item\"><input type=\"checkbox\" name=\"privacy\" value=\"1\" aria-invalid=\"false\" \/><\/span><\/span><\/span> <span>ICH HABE DIE <a href=\"\/de\/informativa-contatti\">DATENSCHUTZERKL\u00c4RUNG<\/a> GELESEN.<br \/>\nIch erkl\u00e4re, dass ich die Informationen zur Datenverarbeitung gem\u00e4\u00df Artikel 13 und 6 der EU-Verordnung 216\/679 gelesen habe.<\/span><\/label><br \/>\n<input class=\"wpcf7-form-control has-spinner wpcf7-submit\" type=\"submit\" value=\"Senden\" \/>\n<\/p><div class=\"wpcf7-response-output\" aria-hidden=\"true\"><\/div>\n<\/form>\n<\/div>\n<\/div><div class=\"btClear btSeparator bottomSemiSpaced noBorder\" ><hr><\/div><\/div><\/div><\/div><\/div><\/div><div class=\"boldRow \" ><div class=\"boldRowInner\"><div class=\"rowItem col-md-12 col-ms-12  btTextLeft\"  data-width=\"12\"><div class=\"rowItemContent\" ><div class=\"rowItemContentInner\"><div class=\"btClear btSeparator topSmallSpaced noBorder\" ><hr><\/div><\/div><\/div><\/div><\/div><\/div><div class=\"boldRow \" ><div class=\"boldRowInner\"><div class=\"rowItem col-md-8 col-ms-12 btTextLeft\"  data-width=\"8\"><div class=\"rowItemContent\" ><div class=\"rowItemContentInner\"><div class=\"bpgPhoto \" > \r\n\t\t\t\t\t<a href=\"https:\/\/www.google.it\/maps\/place\/Hotel+San+Giorgio\/@45.6656687,13.1001922,17z\/data=!3m1!4b1!4m8!3m7!1s0x477b939f4d9b31df:0xf8b0b4349d6e98c4!5m2!4m1!1i2!8m2!3d45.6656687!4d13.1023809?hl=de\" target=\"_self\"><\/a>\r\n\t\t\t\t\t<div class=\"boldPhotoBox\"><div class=\"bpbItem\"><div class = \"btImage\"><img src=\"https:\/\/sangiorgio-hotel.it\/wp-content\/uploads\/2021\/05\/mappa-sangiorgio.png\" alt=\"\" ><\/div><\/div><\/div>\r\n\t\t\t\t\t<div class=\"captionPane btDarkSkin\">\r\n\t\t\t\t\t\t<div class=\"captionTable\">\r\n\t\t\t\t\t\t\t<div class=\"captionCell\">\r\n\t\t\t\t\t\t\t\t<div class=\"captionTxt\"><\/div>\r\n\t\t\t\t\t\t\t<\/div>\r\n\t\t\t\t\t\t<\/div>\r\n\t\t\t\t\t<\/div><\/div><\/div><\/div><\/div><div class=\"rowItem col-md-4 col-ms-12 btTextLeft btMiddleVertical btDoublePadding\"  data-width=\"4\"><div class=\"rowItemContent\" background-color: rgba(229, 229, 229, 1); ><div class=\"rowItemContentInner\"><div class=\"btText\" ><\/p>\n<h4><span style=\"color: #b71234;\">Adresse<\/span><\/h4>\n<p>Arco del Libeccio, 44\/46<br \/>\nLignano Sabbiadoro (UD)<\/p>\n<h4><span style=\"color: #b71234;\">Telefon<\/span><\/h4>\n<p><span style=\"color: #000000;\"><a style=\"color: #000000;\" href=\"tel:+390431422119\">+39.0431.422119<\/a><\/span><\/p>\n<h4><span style=\"color: #b71234;\">E-Mail<\/span><\/h4>\n<p><span style=\"color: #000000;\"><a style=\"color: #000000;\" href=\"mailto:info@sangiorgio-hotel.it\">info@sangiorgio-hotel.it<\/a><\/span><\/p>\n<p>\n<\/div><\/div><\/div><\/div><\/div><\/div><\/div><\/div><\/div><\/section><\/p>\n","protected":false},"excerpt":{"rendered":"","protected":false},"author":2,"featured_media":0,"parent":0,"menu_order":0,"comment_status":"closed","ping_status":"closed","template":"","meta":[],"yoast_head":"<!-- This site is optimized with the Yoast SEO plugin v20.8 - https:\/\/yoast.com\/wordpress\/plugins\/seo\/ -->\n<title>Informationen u. Hotel in Lignano buchen - Hotel San Giorgio<\/title>\n<meta name=\"description\" content=\"F\u00fcr Informationen und Buchungen Ihres Urlaubs im Hotel in Lignano, kontaktieren Sie das Hotel San Giorgio. Wir werden Ihnen gerne antworten.\" \/>\n<meta name=\"robots\" content=\"index, follow, max-snippet:-1, max-image-preview:large, max-video-preview:-1\" \/>\n<link rel=\"canonical\" href=\"https:\/\/sangiorgio-hotel.it\/de\/kontakte\/\" \/>\n<meta property=\"og:locale\" content=\"de_DE\" \/>\n<meta property=\"og:type\" content=\"article\" \/>\n<meta property=\"og:title\" content=\"Informationen u. Hotel in Lignano buchen - Hotel San Giorgio\" \/>\n<meta property=\"og:description\" content=\"F\u00fcr Informationen und Buchungen Ihres Urlaubs im Hotel in Lignano, kontaktieren Sie das Hotel San Giorgio. Wir werden Ihnen gerne antworten.\" \/>\n<meta property=\"og:url\" content=\"https:\/\/sangiorgio-hotel.it\/de\/kontakte\/\" \/>\n<meta property=\"og:site_name\" content=\"Hotel San Giorgio\" \/>\n<meta property=\"article:modified_time\" content=\"2021-05-25T10:57:37+00:00\" \/>\n<meta name=\"twitter:card\" content=\"summary_large_image\" \/>\n<meta name=\"twitter:label1\" content=\"Gesch\u00e4tzte Lesezeit\" \/>\n\t<meta name=\"twitter:data1\" content=\"3\u00a0Minuten\" \/>\n<script type=\"application\/ld+json\" class=\"yoast-schema-graph\">{\"@context\":\"https:\/\/schema.org\",\"@graph\":[{\"@type\":\"WebPage\",\"@id\":\"https:\/\/sangiorgio-hotel.it\/de\/kontakte\/\",\"url\":\"https:\/\/sangiorgio-hotel.it\/de\/kontakte\/\",\"name\":\"Informationen u. Hotel in Lignano buchen - Hotel San Giorgio\",\"isPartOf\":{\"@id\":\"https:\/\/sangiorgio-hotel.it\/#website\"},\"datePublished\":\"2016-02-23T10:09:57+00:00\",\"dateModified\":\"2021-05-25T10:57:37+00:00\",\"description\":\"F\u00fcr Informationen und Buchungen Ihres Urlaubs im Hotel in Lignano, kontaktieren Sie das Hotel San Giorgio. Wir werden Ihnen gerne antworten.\",\"breadcrumb\":{\"@id\":\"https:\/\/sangiorgio-hotel.it\/de\/kontakte\/#breadcrumb\"},\"inLanguage\":\"de\",\"potentialAction\":[{\"@type\":\"ReadAction\",\"target\":[\"https:\/\/sangiorgio-hotel.it\/de\/kontakte\/\"]}]},{\"@type\":\"BreadcrumbList\",\"@id\":\"https:\/\/sangiorgio-hotel.it\/de\/kontakte\/#breadcrumb\",\"itemListElement\":[{\"@type\":\"ListItem\",\"position\":1,\"name\":\"Home\",\"item\":\"https:\/\/sangiorgio-hotel.it\/de\/\"},{\"@type\":\"ListItem\",\"position\":2,\"name\":\"Kontakte\"}]},{\"@type\":\"WebSite\",\"@id\":\"https:\/\/sangiorgio-hotel.it\/#website\",\"url\":\"https:\/\/sangiorgio-hotel.it\/\",\"name\":\"Hotel San Giorgio\",\"description\":\"Hotel 3 stelle a Lignano Pineta\",\"publisher\":{\"@id\":\"https:\/\/sangiorgio-hotel.it\/#organization\"},\"potentialAction\":[{\"@type\":\"SearchAction\",\"target\":{\"@type\":\"EntryPoint\",\"urlTemplate\":\"https:\/\/sangiorgio-hotel.it\/?s={search_term_string}\"},\"query-input\":\"required name=search_term_string\"}],\"inLanguage\":\"de\"},{\"@type\":\"Organization\",\"@id\":\"https:\/\/sangiorgio-hotel.it\/#organization\",\"name\":\"Hotel San Giorgio\",\"url\":\"https:\/\/sangiorgio-hotel.it\/\",\"logo\":{\"@type\":\"ImageObject\",\"inLanguage\":\"de\",\"@id\":\"https:\/\/sangiorgio-hotel.it\/#\/schema\/logo\/image\/\",\"url\":\"https:\/\/sangiorgio-hotel.it\/wp-content\/uploads\/2021\/05\/san-giorgio-marrone.png\",\"contentUrl\":\"https:\/\/sangiorgio-hotel.it\/wp-content\/uploads\/2021\/05\/san-giorgio-marrone.png\",\"width\":281,\"height\":60,\"caption\":\"Hotel San Giorgio\"},\"image\":{\"@id\":\"https:\/\/sangiorgio-hotel.it\/#\/schema\/logo\/image\/\"}}]}<\/script>\n<!-- \/ Yoast SEO plugin. -->","yoast_head_json":{"title":"Informationen u. Hotel in Lignano buchen - Hotel San Giorgio","description":"F\u00fcr Informationen und Buchungen Ihres Urlaubs im Hotel in Lignano, kontaktieren Sie das Hotel San Giorgio. Wir werden Ihnen gerne antworten.","robots":{"index":"index","follow":"follow","max-snippet":"max-snippet:-1","max-image-preview":"max-image-preview:large","max-video-preview":"max-video-preview:-1"},"canonical":"https:\/\/sangiorgio-hotel.it\/de\/kontakte\/","og_locale":"de_DE","og_type":"article","og_title":"Informationen u. Hotel in Lignano buchen - Hotel San Giorgio","og_description":"F\u00fcr Informationen und Buchungen Ihres Urlaubs im Hotel in Lignano, kontaktieren Sie das Hotel San Giorgio. Wir werden Ihnen gerne antworten.","og_url":"https:\/\/sangiorgio-hotel.it\/de\/kontakte\/","og_site_name":"Hotel San Giorgio","article_modified_time":"2021-05-25T10:57:37+00:00","twitter_card":"summary_large_image","twitter_misc":{"Gesch\u00e4tzte Lesezeit":"3\u00a0Minuten"},"schema":{"@context":"https:\/\/schema.org","@graph":[{"@type":"WebPage","@id":"https:\/\/sangiorgio-hotel.it\/de\/kontakte\/","url":"https:\/\/sangiorgio-hotel.it\/de\/kontakte\/","name":"Informationen u. Hotel in Lignano buchen - Hotel San Giorgio","isPartOf":{"@id":"https:\/\/sangiorgio-hotel.it\/#website"},"datePublished":"2016-02-23T10:09:57+00:00","dateModified":"2021-05-25T10:57:37+00:00","description":"F\u00fcr Informationen und Buchungen Ihres Urlaubs im Hotel in Lignano, kontaktieren Sie das Hotel San Giorgio. Wir werden Ihnen gerne antworten.","breadcrumb":{"@id":"https:\/\/sangiorgio-hotel.it\/de\/kontakte\/#breadcrumb"},"inLanguage":"de","potentialAction":[{"@type":"ReadAction","target":["https:\/\/sangiorgio-hotel.it\/de\/kontakte\/"]}]},{"@type":"BreadcrumbList","@id":"https:\/\/sangiorgio-hotel.it\/de\/kontakte\/#breadcrumb","itemListElement":[{"@type":"ListItem","position":1,"name":"Home","item":"https:\/\/sangiorgio-hotel.it\/de\/"},{"@type":"ListItem","position":2,"name":"Kontakte"}]},{"@type":"WebSite","@id":"https:\/\/sangiorgio-hotel.it\/#website","url":"https:\/\/sangiorgio-hotel.it\/","name":"Hotel San Giorgio","description":"Hotel 3 stelle a Lignano Pineta","publisher":{"@id":"https:\/\/sangiorgio-hotel.it\/#organization"},"potentialAction":[{"@type":"SearchAction","target":{"@type":"EntryPoint","urlTemplate":"https:\/\/sangiorgio-hotel.it\/?s={search_term_string}"},"query-input":"required name=search_term_string"}],"inLanguage":"de"},{"@type":"Organization","@id":"https:\/\/sangiorgio-hotel.it\/#organization","name":"Hotel San Giorgio","url":"https:\/\/sangiorgio-hotel.it\/","logo":{"@type":"ImageObject","inLanguage":"de","@id":"https:\/\/sangiorgio-hotel.it\/#\/schema\/logo\/image\/","url":"https:\/\/sangiorgio-hotel.it\/wp-content\/uploads\/2021\/05\/san-giorgio-marrone.png","contentUrl":"https:\/\/sangiorgio-hotel.it\/wp-content\/uploads\/2021\/05\/san-giorgio-marrone.png","width":281,"height":60,"caption":"Hotel San Giorgio"},"image":{"@id":"https:\/\/sangiorgio-hotel.it\/#\/schema\/logo\/image\/"}}]}},"_links":{"self":[{"href":"https:\/\/sangiorgio-hotel.it\/de\/wp-json\/wp\/v2\/pages\/1580"}],"collection":[{"href":"https:\/\/sangiorgio-hotel.it\/de\/wp-json\/wp\/v2\/pages"}],"about":[{"href":"https:\/\/sangiorgio-hotel.it\/de\/wp-json\/wp\/v2\/types\/page"}],"author":[{"embeddable":true,"href":"https:\/\/sangiorgio-hotel.it\/de\/wp-json\/wp\/v2\/users\/2"}],"replies":[{"embeddable":true,"href":"https:\/\/sangiorgio-hotel.it\/de\/wp-json\/wp\/v2\/comments?post=1580"}],"version-history":[{"count":0,"href":"https:\/\/sangiorgio-hotel.it\/de\/wp-json\/wp\/v2\/pages\/1580\/revisions"}],"wp:attachment":[{"href":"https:\/\/sangiorgio-hotel.it\/de\/wp-json\/wp\/v2\/media?parent=1580"}],"curies":[{"name":"wp","href":"https:\/\/api.w.org\/{rel}","templated":true}]}}